{"id":31,"date":"2025-08-21T16:17:14","date_gmt":"2025-08-21T14:17:14","guid":{"rendered":"https:\/\/larueofficiel.com\/?page_id=31"},"modified":"2026-01-20T17:48:55","modified_gmt":"2026-01-20T16:48:55","slug":"la-rue","status":"publish","type":"page","link":"https:\/\/larueofficiel.com\/en\/la-rue\/","title":{"rendered":"La Rue"},"content":{"rendered":"\t\t<div data-elementor-type=\"wp-page\" data-elementor-id=\"31\" class=\"elementor elementor-31\" data-elementor-post-type=\"page\">\n\t\t\t\t<div class=\"elementor-element elementor-element-0384177 e-flex e-con-boxed e-con e-parent\" data-id=\"0384177\" data-element_type=\"container\" data-e-type=\"container\">\n\t\t\t\t\t<div class=\"e-con-inner\">\n\t\t\t\t<div class=\"elementor-element elementor-element-b0b5faf elementor-widget__width-initial elementor-widget-tablet__width-initial elementor-widget-mobile__width-inherit elementor-widget elementor-widget-heading\" data-id=\"b0b5faf\" data-element_type=\"widget\" data-e-type=\"widget\" data-widget_type=\"heading.default\">\n\t\t\t\t\t<h1 class=\"elementor-heading-title elementor-size-default\">L'entrec\u00f4te, un taglio francese dal carattere italiano.<\/h1>\t\t\t\t<\/div>\n\t\t\t\t<div class=\"elementor-element elementor-element-22b1b7f elementor-widget__width-initial elementor-widget-mobile__width-inherit elementor-widget elementor-widget-text-editor\" data-id=\"22b1b7f\" data-element_type=\"widget\" data-e-type=\"widget\" data-widget_type=\"text-editor.default\">\n\t\t\t\t\t\t\t\t\t<p>La Rue nasce dall\u2019idea di trasformare un classico della cucina internazionale in un rituale contemporaneo.<br \/>Non un ristorante qualunque, ma un format che diventa linguaggio: diretto, elegante, riconoscibile.<br \/>Essenziale, scenico, memorabile.<br \/>Qui tradizione e innovazione si stringono la mano.<\/p>\t\t\t\t\t\t\t\t<\/div>\n\t\t\t\t\t<\/div>\n\t\t\t\t<\/div>\n\t\t<div class=\"elementor-element elementor-element-b4a955d e-flex e-con-boxed e-con e-parent\" data-id=\"b4a955d\" data-element_type=\"container\" data-e-type=\"container\" data-settings=\"{&quot;background_background&quot;:&quot;classic&quot;,&quot;background_motion_fx_motion_fx_scrolling&quot;:&quot;yes&quot;,&quot;background_motion_fx_translateY_effect&quot;:&quot;yes&quot;,&quot;background_motion_fx_translateY_speed&quot;:{&quot;unit&quot;:&quot;px&quot;,&quot;size&quot;:6.5,&quot;sizes&quot;:[]},&quot;background_motion_fx_translateY_affectedRange&quot;:{&quot;unit&quot;:&quot;%&quot;,&quot;size&quot;:&quot;&quot;,&quot;sizes&quot;:{&quot;start&quot;:0,&quot;end&quot;:100}},&quot;background_motion_fx_devices&quot;:[&quot;desktop&quot;,&quot;tablet&quot;,&quot;mobile&quot;]}\">\n\t\t\t\t\t<div class=\"e-con-inner\">\n\t\t\t\t\t<\/div>\n\t\t\t\t<\/div>\n\t\t<div class=\"elementor-element elementor-element-d7c3523 e-flex e-con-boxed e-con e-parent\" data-id=\"d7c3523\" data-element_type=\"container\" data-e-type=\"container\">\n\t\t\t\t\t<div class=\"e-con-inner\">\n\t\t<div class=\"elementor-element elementor-element-5d8cb53 e-con-full e-flex e-con e-child\" data-id=\"5d8cb53\" data-element_type=\"container\" data-e-type=\"container\">\n\t\t\t\t<div class=\"elementor-element elementor-element-f83edca elementor-widget elementor-widget-heading\" data-id=\"f83edca\" data-element_type=\"widget\" data-e-type=\"widget\" data-widget_type=\"heading.default\">\n\t\t\t\t\t<h2 class=\"elementor-heading-title elementor-size-default\">Oltre il piatto, un\u2019esperienza.<\/h2>\t\t\t\t<\/div>\n\t\t\t\t<\/div>\n\t\t<div class=\"elementor-element elementor-element-7c22c1e e-con-full e-flex e-con e-child\" data-id=\"7c22c1e\" data-element_type=\"container\" data-e-type=\"container\">\n\t\t\t\t<div class=\"elementor-element elementor-element-0d97bd4 elementor-widget elementor-widget-text-editor\" data-id=\"0d97bd4\" data-element_type=\"widget\" data-e-type=\"widget\" data-widget_type=\"text-editor.default\">\n\t\t\t\t\t\t\t\t\t<p>Immaginiamo un luogo che unisce qualit\u00e0 e ritmo, teatralit\u00e0 e accoglienza.<br \/>Un format che conserva autenticit\u00e0 e riconoscibilit\u00e0 in ogni dettaglio.<br \/>Crediamo che la semplicit\u00e0, quando \u00e8 ben fatta, possa diventare il lusso pi\u00f9 raro.<\/p>\t\t\t\t\t\t\t\t<\/div>\n\t\t\t\t<\/div>\n\t\t\t\t\t<\/div>\n\t\t\t\t<\/div>\n\t\t<div class=\"elementor-element elementor-element-9986fb0 e-flex e-con-boxed e-con e-parent\" data-id=\"9986fb0\" data-element_type=\"container\" data-e-type=\"container\">\n\t\t\t\t\t<div class=\"e-con-inner\">\n\t\t\t\t<div class=\"elementor-element elementor-element-166bf97 elementor-widget elementor-widget-text-editor\" data-id=\"166bf97\" data-element_type=\"widget\" data-e-type=\"widget\" data-widget_type=\"text-editor.default\">\n\t\t\t\t\t\t\t\t\tLa Rue si impegna a raggiungere i seguenti obiettivi:\t\t\t\t\t\t\t\t<\/div>\n\t\t<div class=\"elementor-element elementor-element-e8d4736 e-con-full e-flex e-con e-child\" data-id=\"e8d4736\" data-element_type=\"container\" data-e-type=\"container\">\n\t\t<div class=\"elementor-element elementor-element-2a07abe e-con-full e-flex e-con e-child\" data-id=\"2a07abe\" data-element_type=\"container\" data-e-type=\"container\">\n\t\t\t\t<div class=\"elementor-element elementor-element-fa0b3bf elementor-widget elementor-widget-counter\" data-id=\"fa0b3bf\" data-element_type=\"widget\" data-e-type=\"widget\" data-widget_type=\"counter.default\">\n\t\t\t\t\t\t\t<div class=\"elementor-counter\">\n\t\t\t<span class=\"elementor-counter-title\">ingredienti acquistati da fornitori locali<\/span>\t\t\t<div class=\"elementor-counter-number-wrapper\">\n\t\t\t\t<span class=\"elementor-counter-number-prefix\">+<\/span>\n\t\t\t\t<span class=\"elementor-counter-number\" data-duration=\"2000\" data-to-value=\"60\" data-from-value=\"0\" data-delimiter=\",\">0<\/span>\n\t\t\t\t<span class=\"elementor-counter-number-suffix\">%<\/span>\n\t\t\t<\/div>\n\t\t<\/div>\n\t\t\t\t\t\t<\/div>\n\t\t\t\t<\/div>\n\t\t<div class=\"elementor-element elementor-element-07ee61d e-con-full e-flex e-con e-child\" data-id=\"07ee61d\" data-element_type=\"container\" data-e-type=\"container\">\n\t\t\t\t<div class=\"elementor-element elementor-element-cf96a27 elementor-widget elementor-widget-counter\" data-id=\"cf96a27\" data-element_type=\"widget\" data-e-type=\"widget\" data-widget_type=\"counter.default\">\n\t\t\t\t\t\t\t<div class=\"elementor-counter\">\n\t\t\t<span class=\"elementor-counter-title\">sprechi in cucina in un anno<\/span>\t\t\t<div class=\"elementor-counter-number-wrapper\">\n\t\t\t\t<span class=\"elementor-counter-number-prefix\">-<\/span>\n\t\t\t\t<span class=\"elementor-counter-number\" data-duration=\"2000\" data-to-value=\"15\" data-from-value=\"0\" data-delimiter=\",\">0<\/span>\n\t\t\t\t<span class=\"elementor-counter-number-suffix\">%<\/span>\n\t\t\t<\/div>\n\t\t<\/div>\n\t\t\t\t\t\t<\/div>\n\t\t\t\t<\/div>\n\t\t<div class=\"elementor-element elementor-element-2e61533 e-con-full e-flex e-con e-child\" data-id=\"2e61533\" data-element_type=\"container\" data-e-type=\"container\">\n\t\t\t\t<div class=\"elementor-element elementor-element-465ddfe elementor-widget elementor-widget-counter\" data-id=\"465ddfe\" data-element_type=\"widget\" data-e-type=\"widget\" data-widget_type=\"counter.default\">\n\t\t\t\t\t\t\t<div class=\"elementor-counter\">\n\t\t\t<span class=\"elementor-counter-title\">dei rifiuti solidi riciclati o compostati<\/span>\t\t\t<div class=\"elementor-counter-number-wrapper\">\n\t\t\t\t<span class=\"elementor-counter-number-prefix\">&gt;<\/span>\n\t\t\t\t<span class=\"elementor-counter-number\" data-duration=\"2000\" data-to-value=\"50\" data-from-value=\"0\" data-delimiter=\",\">0<\/span>\n\t\t\t\t<span class=\"elementor-counter-number-suffix\">%<\/span>\n\t\t\t<\/div>\n\t\t<\/div>\n\t\t\t\t\t\t<\/div>\n\t\t\t\t<\/div>\n\t\t\t\t<\/div>\n\t\t\t\t\t<\/div>\n\t\t\t\t<\/div>\n\t\t<div class=\"elementor-element elementor-element-4c7c0c0 e-flex e-con-boxed e-con e-parent\" data-id=\"4c7c0c0\" data-element_type=\"container\" data-e-type=\"container\" data-settings=\"{&quot;background_background&quot;:&quot;classic&quot;}\">\n\t\t\t\t\t<div class=\"e-con-inner\">\n\t\t\t\t<div class=\"elementor-element elementor-element-3a83486 elementor-widget__width-initial elementor-widget-mobile__width-inherit elementor-widget elementor-widget-heading\" data-id=\"3a83486\" data-element_type=\"widget\" data-e-type=\"widget\" data-widget_type=\"heading.default\">\n\t\t\t\t\t<h2 class=\"elementor-heading-title elementor-size-default\">Un rituale da portare in scena.<\/h2>\t\t\t\t<\/div>\n\t\t<div class=\"elementor-element elementor-element-7ee401c e-con-full e-flex e-con e-child\" data-id=\"7ee401c\" data-element_type=\"container\" data-e-type=\"container\">\n\t\t<div class=\"elementor-element elementor-element-417f224 e-con-full e-flex e-con e-child\" data-id=\"417f224\" data-element_type=\"container\" data-e-type=\"container\">\n\t\t\t\t<div class=\"elementor-element elementor-element-f8b251d revealRed elementor-widget elementor-widget-image\" data-id=\"f8b251d\" data-element_type=\"widget\" data-e-type=\"widget\" data-widget_type=\"image.default\">\n\t\t\t\t\t\t\t\t\t\t\t\t\t\t\t<img fetchpriority=\"high\" decoding=\"async\" width=\"683\" height=\"1024\" src=\"https:\/\/larueofficiel.com\/wp-content\/uploads\/2025\/10\/LaRueOfficiel_ChiSiamo_Rituale-683x1024.webp\" class=\"attachment-large size-large wp-image-1345\" alt=\"\" srcset=\"https:\/\/larueofficiel.com\/wp-content\/uploads\/2025\/10\/LaRueOfficiel_ChiSiamo_Rituale-683x1024.webp 683w, https:\/\/larueofficiel.com\/wp-content\/uploads\/2025\/10\/LaRueOfficiel_ChiSiamo_Rituale-200x300.webp 200w, https:\/\/larueofficiel.com\/wp-content\/uploads\/2025\/10\/LaRueOfficiel_ChiSiamo_Rituale-768x1152.webp 768w, https:\/\/larueofficiel.com\/wp-content\/uploads\/2025\/10\/LaRueOfficiel_ChiSiamo_Rituale-1024x1536.webp 1024w, https:\/\/larueofficiel.com\/wp-content\/uploads\/2025\/10\/LaRueOfficiel_ChiSiamo_Rituale-8x12.webp 8w, https:\/\/larueofficiel.com\/wp-content\/uploads\/2025\/10\/LaRueOfficiel_ChiSiamo_Rituale.webp 1067w\" sizes=\"(max-width: 683px) 100vw, 683px\" \/>\t\t\t\t\t\t\t\t\t\t\t\t\t\t\t<\/div>\n\t\t\t\t<\/div>\n\t\t<div class=\"elementor-element elementor-element-102b3f3 e-con-full e-flex e-con e-child\" data-id=\"102b3f3\" data-element_type=\"container\" data-e-type=\"container\">\n\t\t\t\t<div class=\"elementor-element elementor-element-650d5fd elementor-widget elementor-widget-text-editor\" data-id=\"650d5fd\" data-element_type=\"widget\" data-e-type=\"widget\" data-widget_type=\"text-editor.default\">\n\t\t\t\t\t\t\t\t\t<p>Il nostro compito \u00e8 far vivere, ogni giorno, l\u2019esperienza autentica della cucina italiana.<br \/>Un format essenziale che diventa spettacolo.<br \/>Non un semplice servizio, ma un rito, fatto di gesti precisi e gusto inconfondibile.<\/p>\t\t\t\t\t\t\t\t<\/div>\n\t\t<div class=\"elementor-element elementor-element-51630e8 e-con-full e-flex e-con e-child\" data-id=\"51630e8\" data-element_type=\"container\" data-e-type=\"container\">\n\t\t\t\t<div class=\"elementor-element elementor-element-5ca603d elementor-widget elementor-widget-button\" data-id=\"5ca603d\" data-element_type=\"widget\" data-e-type=\"widget\" data-widget_type=\"button.default\">\n\t\t\t\t\t\t\t\t\t\t<a class=\"elementor-button elementor-button-link elementor-size-sm\" href=\"https:\/\/larueofficiel.com\/menu-la-rue\/\">\n\t\t\t\t\t\t<span class=\"elementor-button-content-wrapper\">\n\t\t\t\t\t\t\t\t\t<span class=\"elementor-button-text\">Menu La Rue<\/span>\n\t\t\t\t\t<\/span>\n\t\t\t\t\t<\/a>\n\t\t\t\t\t\t\t\t<\/div>\n\t\t\t\t<div class=\"elementor-element elementor-element-cc243d7 elementor-widget elementor-widget-button\" data-id=\"cc243d7\" data-element_type=\"widget\" data-e-type=\"widget\" data-widget_type=\"button.default\">\n\t\t\t\t\t\t\t\t\t\t<a class=\"elementor-button elementor-button-link elementor-size-sm\" href=\"https:\/\/larueofficiel.com\/la-rue-baguette\/\">\n\t\t\t\t\t\t<span class=\"elementor-button-content-wrapper\">\n\t\t\t\t\t\t\t\t\t<span class=\"elementor-button-text\">Menu La Rue Baguette<\/span>\n\t\t\t\t\t<\/span>\n\t\t\t\t\t<\/a>\n\t\t\t\t\t\t\t\t<\/div>\n\t\t\t\t<\/div>\n\t\t\t\t<\/div>\n\t\t\t\t<\/div>\n\t\t\t\t\t<\/div>\n\t\t\t\t<\/div>\n\t\t\t\t<\/div>\n\t\t","protected":false},"excerpt":{"rendered":"<p>L&#8217;entrec\u00f4te, un taglio francese dal carattere italiano. La Rue nasce dall\u2019idea di trasformare un classico della cucina internazionale in un rituale contemporaneo.Non un ristorante qualunque, ma un format che diventa linguaggio: diretto, elegante, riconoscibile.Essenziale, scenico, memorabile.Qui tradizione e innovazione si stringono la mano. Oltre il piatto, un\u2019esperienza. Immaginiamo un luogo che unisce qualit\u00e0 e ritmo, [&hellip;]<\/p>\n","protected":false},"author":1,"featured_media":0,"parent":0,"menu_order":0,"comment_status":"closed","ping_status":"closed","template":"","meta":{"_acf_changed":false,"footnotes":""},"class_list":["post-31","page","type-page","status-publish","hentry"],"acf":[],"yoast_head":"<!-- This site is optimized with the Yoast SEO plugin v27.2 - https:\/\/yoast.com\/product\/yoast-seo-wordpress\/ -->\n<title>Chi Siamo | La Rue<\/title>\n<meta name=\"description\" content=\"Scopri la filosofia de La Rue. Dal nostro amore per la cucina italiana e francese nasce la migliore entrec\u00f4te di Milano.\" \/>\n<meta name=\"robots\" content=\"index, follow, max-snippet:-1, max-image-preview:large, max-video-preview:-1\" \/>\n<link rel=\"canonical\" href=\"https:\/\/larueofficiel.com\/en\/la-rue\/\" \/>\n<meta property=\"og:locale\" content=\"en_GB\" \/>\n<meta property=\"og:type\" content=\"article\" \/>\n<meta property=\"og:title\" content=\"Chi Siamo | La Rue\" \/>\n<meta property=\"og:description\" content=\"Scopri la filosofia de La Rue. Dal nostro amore per la cucina italiana e francese nasce la migliore entrec\u00f4te di Milano.\" \/>\n<meta property=\"og:url\" content=\"https:\/\/larueofficiel.com\/en\/la-rue\/\" \/>\n<meta property=\"og:site_name\" content=\"La Rue\" \/>\n<meta property=\"article:modified_time\" content=\"2026-01-20T16:48:55+00:00\" \/>\n<meta property=\"og:image\" content=\"https:\/\/larueofficiel.com\/wp-content\/uploads\/2025\/10\/LaRueOfficiel_ChiSiamo_Rituale.webp\" \/>\n\t<meta property=\"og:image:width\" content=\"1067\" \/>\n\t<meta property=\"og:image:height\" content=\"1600\" \/>\n\t<meta property=\"og:image:type\" content=\"image\/webp\" \/>\n<meta name=\"twitter:card\" content=\"summary_large_image\" \/>\n<meta name=\"twitter:label1\" content=\"Estimated reading time\" \/>\n\t<meta name=\"twitter:data1\" content=\"1 minute\" \/>\n<script type=\"application\/ld+json\" class=\"yoast-schema-graph\">{\"@context\":\"https:\/\/schema.org\",\"@graph\":[{\"@type\":\"WebPage\",\"@id\":\"https:\/\/larueofficiel.com\/la-rue\/\",\"url\":\"https:\/\/larueofficiel.com\/la-rue\/\",\"name\":\"Chi Siamo | La Rue\",\"isPartOf\":{\"@id\":\"https:\/\/larueofficiel.com\/#website\"},\"primaryImageOfPage\":{\"@id\":\"https:\/\/larueofficiel.com\/la-rue\/#primaryimage\"},\"image\":{\"@id\":\"https:\/\/larueofficiel.com\/la-rue\/#primaryimage\"},\"thumbnailUrl\":\"https:\/\/larueofficiel.com\/wp-content\/uploads\/2025\/10\/LaRueOfficiel_ChiSiamo_Rituale-683x1024.webp\",\"datePublished\":\"2025-08-21T14:17:14+00:00\",\"dateModified\":\"2026-01-20T16:48:55+00:00\",\"description\":\"Scopri la filosofia de La Rue. Dal nostro amore per la cucina italiana e francese nasce la migliore entrec\u00f4te di Milano.\",\"breadcrumb\":{\"@id\":\"https:\/\/larueofficiel.com\/la-rue\/#breadcrumb\"},\"inLanguage\":\"en-GB\",\"potentialAction\":[{\"@type\":\"ReadAction\",\"target\":[\"https:\/\/larueofficiel.com\/la-rue\/\"]}]},{\"@type\":\"ImageObject\",\"inLanguage\":\"en-GB\",\"@id\":\"https:\/\/larueofficiel.com\/la-rue\/#primaryimage\",\"url\":\"https:\/\/larueofficiel.com\/wp-content\/uploads\/2025\/10\/LaRueOfficiel_ChiSiamo_Rituale-683x1024.webp\",\"contentUrl\":\"https:\/\/larueofficiel.com\/wp-content\/uploads\/2025\/10\/LaRueOfficiel_ChiSiamo_Rituale-683x1024.webp\"},{\"@type\":\"BreadcrumbList\",\"@id\":\"https:\/\/larueofficiel.com\/la-rue\/#breadcrumb\",\"itemListElement\":[{\"@type\":\"ListItem\",\"position\":1,\"name\":\"Home\",\"item\":\"https:\/\/larueofficiel.com\/\"},{\"@type\":\"ListItem\",\"position\":2,\"name\":\"La Rue\"}]},{\"@type\":\"WebSite\",\"@id\":\"https:\/\/larueofficiel.com\/#website\",\"url\":\"https:\/\/larueofficiel.com\/\",\"name\":\"La Rue\",\"description\":\"\",\"publisher\":{\"@id\":\"https:\/\/larueofficiel.com\/#organization\"},\"alternateName\":\"La Rue\",\"potentialAction\":[{\"@type\":\"SearchAction\",\"target\":{\"@type\":\"EntryPoint\",\"urlTemplate\":\"https:\/\/larueofficiel.com\/?s={search_term_string}\"},\"query-input\":{\"@type\":\"PropertyValueSpecification\",\"valueRequired\":true,\"valueName\":\"search_term_string\"}}],\"inLanguage\":\"en-GB\"},{\"@type\":\"Organization\",\"@id\":\"https:\/\/larueofficiel.com\/#organization\",\"name\":\"La Rue de l'Entrecote\",\"url\":\"https:\/\/larueofficiel.com\/\",\"logo\":{\"@type\":\"ImageObject\",\"inLanguage\":\"en-GB\",\"@id\":\"https:\/\/larueofficiel.com\/#\/schema\/logo\/image\/\",\"url\":\"https:\/\/larueofficiel.com\/wp-content\/uploads\/2025\/08\/Logo_LaRue.svg\",\"contentUrl\":\"https:\/\/larueofficiel.com\/wp-content\/uploads\/2025\/08\/Logo_LaRue.svg\",\"width\":193,\"height\":50,\"caption\":\"La Rue de l'Entrecote\"},\"image\":{\"@id\":\"https:\/\/larueofficiel.com\/#\/schema\/logo\/image\/\"}}]}<\/script>\n<!-- \/ Yoast SEO plugin. -->","yoast_head_json":{"title":"Chi Siamo | La Rue","description":"Scopri la filosofia de La Rue. Dal nostro amore per la cucina italiana e francese nasce la migliore entrec\u00f4te di Milano.","robots":{"index":"index","follow":"follow","max-snippet":"max-snippet:-1","max-image-preview":"max-image-preview:large","max-video-preview":"max-video-preview:-1"},"canonical":"https:\/\/larueofficiel.com\/en\/la-rue\/","og_locale":"en_GB","og_type":"article","og_title":"Chi Siamo | La Rue","og_description":"Scopri la filosofia de La Rue. Dal nostro amore per la cucina italiana e francese nasce la migliore entrec\u00f4te di Milano.","og_url":"https:\/\/larueofficiel.com\/en\/la-rue\/","og_site_name":"La Rue","article_modified_time":"2026-01-20T16:48:55+00:00","og_image":[{"width":1067,"height":1600,"url":"https:\/\/larueofficiel.com\/wp-content\/uploads\/2025\/10\/LaRueOfficiel_ChiSiamo_Rituale.webp","type":"image\/webp"}],"twitter_card":"summary_large_image","twitter_misc":{"Estimated reading time":"1 minute"},"schema":{"@context":"https:\/\/schema.org","@graph":[{"@type":"WebPage","@id":"https:\/\/larueofficiel.com\/la-rue\/","url":"https:\/\/larueofficiel.com\/la-rue\/","name":"Chi Siamo | La Rue","isPartOf":{"@id":"https:\/\/larueofficiel.com\/#website"},"primaryImageOfPage":{"@id":"https:\/\/larueofficiel.com\/la-rue\/#primaryimage"},"image":{"@id":"https:\/\/larueofficiel.com\/la-rue\/#primaryimage"},"thumbnailUrl":"https:\/\/larueofficiel.com\/wp-content\/uploads\/2025\/10\/LaRueOfficiel_ChiSiamo_Rituale-683x1024.webp","datePublished":"2025-08-21T14:17:14+00:00","dateModified":"2026-01-20T16:48:55+00:00","description":"Scopri la filosofia de La Rue. Dal nostro amore per la cucina italiana e francese nasce la migliore entrec\u00f4te di Milano.","breadcrumb":{"@id":"https:\/\/larueofficiel.com\/la-rue\/#breadcrumb"},"inLanguage":"en-GB","potentialAction":[{"@type":"ReadAction","target":["https:\/\/larueofficiel.com\/la-rue\/"]}]},{"@type":"ImageObject","inLanguage":"en-GB","@id":"https:\/\/larueofficiel.com\/la-rue\/#primaryimage","url":"https:\/\/larueofficiel.com\/wp-content\/uploads\/2025\/10\/LaRueOfficiel_ChiSiamo_Rituale-683x1024.webp","contentUrl":"https:\/\/larueofficiel.com\/wp-content\/uploads\/2025\/10\/LaRueOfficiel_ChiSiamo_Rituale-683x1024.webp"},{"@type":"BreadcrumbList","@id":"https:\/\/larueofficiel.com\/la-rue\/#breadcrumb","itemListElement":[{"@type":"ListItem","position":1,"name":"Home","item":"https:\/\/larueofficiel.com\/"},{"@type":"ListItem","position":2,"name":"La Rue"}]},{"@type":"WebSite","@id":"https:\/\/larueofficiel.com\/#website","url":"https:\/\/larueofficiel.com\/","name":"La Rue","description":"","publisher":{"@id":"https:\/\/larueofficiel.com\/#organization"},"alternateName":"La Rue","potentialAction":[{"@type":"SearchAction","target":{"@type":"EntryPoint","urlTemplate":"https:\/\/larueofficiel.com\/?s={search_term_string}"},"query-input":{"@type":"PropertyValueSpecification","valueRequired":true,"valueName":"search_term_string"}}],"inLanguage":"en-GB"},{"@type":"Organization","@id":"https:\/\/larueofficiel.com\/#organization","name":"La Rue de l'Entrecote","url":"https:\/\/larueofficiel.com\/","logo":{"@type":"ImageObject","inLanguage":"en-GB","@id":"https:\/\/larueofficiel.com\/#\/schema\/logo\/image\/","url":"https:\/\/larueofficiel.com\/wp-content\/uploads\/2025\/08\/Logo_LaRue.svg","contentUrl":"https:\/\/larueofficiel.com\/wp-content\/uploads\/2025\/08\/Logo_LaRue.svg","width":193,"height":50,"caption":"La Rue de l'Entrecote"},"image":{"@id":"https:\/\/larueofficiel.com\/#\/schema\/logo\/image\/"}}]}},"_links":{"self":[{"href":"https:\/\/larueofficiel.com\/en\/wp-json\/wp\/v2\/pages\/31","targetHints":{"allow":["GET"]}}],"collection":[{"href":"https:\/\/larueofficiel.com\/en\/wp-json\/wp\/v2\/pages"}],"about":[{"href":"https:\/\/larueofficiel.com\/en\/wp-json\/wp\/v2\/types\/page"}],"author":[{"embeddable":true,"href":"https:\/\/larueofficiel.com\/en\/wp-json\/wp\/v2\/users\/1"}],"replies":[{"embeddable":true,"href":"https:\/\/larueofficiel.com\/en\/wp-json\/wp\/v2\/comments?post=31"}],"version-history":[{"count":136,"href":"https:\/\/larueofficiel.com\/en\/wp-json\/wp\/v2\/pages\/31\/revisions"}],"predecessor-version":[{"id":1686,"href":"https:\/\/larueofficiel.com\/en\/wp-json\/wp\/v2\/pages\/31\/revisions\/1686"}],"wp:attachment":[{"href":"https:\/\/larueofficiel.com\/en\/wp-json\/wp\/v2\/media?parent=31"}],"curies":[{"name":"wp","href":"https:\/\/api.w.org\/{rel}","templated":true}]}}